{"id":2510,"date":"2025-12-16T13:19:38","date_gmt":"2025-12-16T12:19:38","guid":{"rendered":"https:\/\/sportcenter-wittenau.de\/?page_id=2510"},"modified":"2025-12-16T13:29:55","modified_gmt":"2025-12-16T12:29:55","slug":"learn-badminton-vs-tennis","status":"publish","type":"page","link":"https:\/\/sportcenter-wittenau.de\/en\/badminton-vs-tennis-lernen\/","title":{"rendered":"Is badminton harder to learn than tennis? A comparison"},"content":{"rendered":"<p>There is an eternal debate in the world of rebound sports: which is more challenging - the <a class=\"undefined\" href=\"https:\/\/sportcenter-wittenau.de\/en\/badminton\/\">Badminton<\/a> or <a class=\"undefined\" href=\"https:\/\/sportcenter-wittenau.de\/en\/tennis\/\">Tennis<\/a>?<\/p>\n<p>There are studies that prove that badminton is the faster and more physically demanding sport. But is it really \u201eharder\u201c?<\/p>\n<p>In the <b>Sportcenter Wittenau<\/b> we offer you places for both. That's why we experience every day how different the entry hurdles and challenges are. Here is our comparison to help you decide.<\/p>\n<h2><b>Getting started: Who has fun faster?<\/b><\/h2>\n<p>There is a clear winner here: <b>Badminton.<\/b> The great advantage of badminton is that you can enjoy it with almost no previous experience.<\/p>\n<ul>\n<li><b>Why?<\/b> Put two beginners on the court with a net and a shuttlecock. You can start hitting the ball back and forth almost immediately. A rally of 5 to 10 strokes is possible within the first hour.<\/li>\n<li><b>Tennis:<\/b> The beginning is often more frustrating here. It is relatively difficult for beginners to get the ball over the net with the right speed and trajectory so that their partner can hit it back. Long rallies are rare at the beginning.<\/li>\n<\/ul>\n<p><b>Conclusion for beginners:<\/b> If you are looking for a quick sense of achievement, start with badminton on our courts in Reinickendorf. If you have patience and want to learn technique, tennis is the sport for you.<\/p>\n<h2><b>Fitness: marathon vs. sprint<\/b><\/h2>\n<p>Badminton places higher demands on the <b>aerobic fitness<\/b> and the three-dimensional movement.<\/p>\n<ul>\n<li><b>3D movement:<\/b> In badminton, you not only have to move sideways, but also constantly jump, bend your knees (lunges) and work overhead. You cover six points on the court - from the net to the baseline.<\/li>\n<li><b>Tennis:<\/b> Here, the movement is often more like that of a table tennis player on the baseline - a lot of side-to-side movement. Of course, you also have to sprint to the net, but the intensity is distributed differently.<\/li>\n<\/ul>\n<p>It is often said: tennis is a marathon (long matches, breaks), badminton is a sprint (constant explosive movements without a break).<\/p>\n<h2><b>Technology and precision<\/b><\/h2>\n<p>Is badminton faster? Not necessarily \u201efaster\u201c in the sense of running speed, but the <b>Speed of action<\/b> must be extremely high.<\/p>\n<ul>\n<li><b>Precision:<\/b> As the badminton court is smaller, it requires extremely high precision (\u201eplacement\u201c) to place the ball exactly where the opponent cannot reach it.<\/li>\n<li><b>Club guide:<\/b> Badminton is \u201ewristy\u201c (wrist-heavy). The movement begins in the large muscles, but ends explosively in the wrist or even in the fingers. Tennis, on the other hand, often requires a fluid movement of the whole arm and trunk.<\/li>\n<\/ul>\n<h2><b>Tactics and anticipation<\/b><\/h2>\n<p>At an advanced level, both sports require brilliant tactics.<\/p>\n<ul>\n<li><b>Badminton:<\/b> Anticipation (reading the opponent) is even more critical here, as the ball is extremely fast in relation to the size of the field. You have to use deception to send your opponent into the wrong corner.<\/li>\n<li><b>Tennis:<\/b> Anticipation is also important here (reading body language), but the game is often more \u201e2D\u201c (baseline duel), whereas badminton uses the full 3D space (air space).<\/li>\n<\/ul>\n<h2><b>Conclusion: What suits you?<\/b><\/h2>\n<p>The question \u201eWhat is heavier?\u201c depends on how you define \u201eheavy\u201c.<\/p>\n<ul>\n<li><b>More difficult to learn (getting started):<\/b> Tennis.<\/li>\n<li><b>More physically demanding (intensity):<\/b> Badminton.<\/li>\n<\/ul>\n<p>The good thing is: you don't have to make a theoretical decision. In the <b>Sportcenter Wittenau<\/b> you can try out both! Our <b>Tennis hall<\/b> offers you fun regardless of the weather on a floor that is easy on the joints, while our <b>Badminton courts<\/b> are perfectly illuminated for fast rallies.<\/p>\n<p>Are you still missing the right racket for the test? No problem. We rent out equipment for both sports at our counter.<\/p>\n<p><b>Why not test both?<\/b> Book a badminton court today and an hour of tennis next week. Find out where your heart beats faster!<\/p>\n<p><a class=\"undefined\" href=\"https:\/\/sportcenterwittenau.buchungscloud.de\/\" target=\"_blank\" rel=\"noopener\"><b>Click here for online booking<\/b><\/a><\/p>\n<p>&nbsp;<\/p>\n<h3>See also:<\/h3>\n<ul>\n<li><a href=\"https:\/\/sportcenter-wittenau.de\/en\/age-for-badminton\/\">What age is ideal for badminton?<\/a><\/li>\n<li><a href=\"https:\/\/sportcenter-wittenau.de\/en\/badminton-rules\/\">Badminton rules: How to play correctly<\/a><\/li>\n<li><a href=\"https:\/\/sportcenter-wittenau.de\/en\/badminton-doubles-tactics\/\">Badminton doubles tactics: positioning, rotation &amp; communication<\/a><\/li>\n<li><a href=\"https:\/\/sportcenter-wittenau.de\/en\/badminton-technique\/\">5 ways to improve your badminton technique<\/a><\/li>\n<li><a href=\"https:\/\/sportcenter-wittenau.de\/en\/win-badminton-matches\/\">5 ways to win badminton matches even as a slow player<\/a><\/li>\n<li><a href=\"https:\/\/sportcenter-wittenau.de\/en\/badminton-dress-code\/\">What do you wear to badminton? The perfect dress code for the court<\/a><\/li>\n<li><a href=\"https:\/\/sportcenter-wittenau.de\/en\/the-5-most-important-fitness-attributes-for-badminton\/\">The 5 most important fitness attributes for badminton<\/a><\/li>\n<li><a href=\"https:\/\/sportcenter-wittenau.de\/en\/grip-position-in-badminton\/\">The correct grip position in badminton: a guide for beginners<\/a><\/li>\n<\/ul>","protected":false},"excerpt":{"rendered":"<p>In der Welt des R\u00fcckschlagsports gibt es eine ewige Debatte: Was ist anspruchsvoller \u2013 Badminton oder Tennis? Es gibt Studien, die belegen, dass Badminton der schnellere und physisch forderndere Sport ist. Doch ist es wirklich \u201eschwerer\u201c? Im Sportcenter Wittenau bieten wir Ihnen Pl\u00e4tze f\u00fcr beides an. Deshalb erleben wir t\u00e4glich, wie unterschiedlich die Einstiegsh\u00fcrden und [&hellip;]<\/p>\n","protected":false},"author":4,"featured_media":0,"parent":0,"menu_order":0,"comment_status":"closed","ping_status":"closed","template":"","meta":{"footnotes":""},"class_list":["post-2510","page","type-page","status-publish","hentry"],"_links":{"self":[{"href":"https:\/\/sportcenter-wittenau.de\/en\/wp-json\/wp\/v2\/pages\/2510","targetHints":{"allow":["GET"]}}],"collection":[{"href":"https:\/\/sportcenter-wittenau.de\/en\/wp-json\/wp\/v2\/pages"}],"about":[{"href":"https:\/\/sportcenter-wittenau.de\/en\/wp-json\/wp\/v2\/types\/page"}],"author":[{"embeddable":true,"href":"https:\/\/sportcenter-wittenau.de\/en\/wp-json\/wp\/v2\/users\/4"}],"replies":[{"embeddable":true,"href":"https:\/\/sportcenter-wittenau.de\/en\/wp-json\/wp\/v2\/comments?post=2510"}],"version-history":[{"count":5,"href":"https:\/\/sportcenter-wittenau.de\/en\/wp-json\/wp\/v2\/pages\/2510\/revisions"}],"predecessor-version":[{"id":2531,"href":"https:\/\/sportcenter-wittenau.de\/en\/wp-json\/wp\/v2\/pages\/2510\/revisions\/2531"}],"wp:attachment":[{"href":"https:\/\/sportcenter-wittenau.de\/en\/wp-json\/wp\/v2\/media?parent=2510"}],"curies":[{"name":"wp","href":"https:\/\/api.w.org\/{rel}","templated":true}]}}